{"id":1610,"date":"2018-11-08T09:50:00","date_gmt":"2018-11-08T08:50:00","guid":{"rendered":"http:\/\/www.apfnhygiene.bzh\/?page_id=1610"},"modified":"2026-03-02T12:07:17","modified_gmt":"2026-03-02T11:07:17","slug":"mentions-legales","status":"publish","type":"page","link":"https:\/\/www.apfnhygiene.bzh\/index.php\/mentions-legales\/","title":{"rendered":"Mentions L\u00e9gales"},"content":{"rendered":"<h1 class=\"entry-title main_title\">IDENTIFICATION ET PUBLICATION<\/h1>\n<div class=\"entry-content\">\n<h3>EDITEUR<\/h3>\n<p>Ce site est publi\u00e9 par apfn hygi\u00e8ne.<\/p>\n<h3>Directeur de la publication<\/h3>\n<p>Monsieur Christophe Geffroy.<\/p>\n<h3>H\u00c9BERGEUR<\/h3>\n<p>Ce site est g\u00e9n\u00e9r\u00e9 et h\u00e9berg\u00e9 par OVH.<\/p>\n<h3>INT\u00c9GRATEUR<\/h3>\n<p>Ce site a \u00e9t\u00e9 int\u00e9gr\u00e9 par Aptitudes informatique.<\/p>\n<h2>PROPRI\u00c9T\u00c9 INTELLECTUELLE<\/h2>\n<p>Tous les \u00e9l\u00e9ments graphiques, la structure et, plus g\u00e9n\u00e9ralement, le contenu du site\u00a0<strong><em>\u00a0<\/em><\/strong>sont prot\u00e9g\u00e9s par le droit d\u2019auteur, le droit des marques et le droit des dessins et mod\u00e8les.<\/p>\n<p>Toute personne qui recueille ou t\u00e9l\u00e9charge du contenu ou des\u00a0 informations diffus\u00e9es sur le site ne dispose sur ceux-ci que d\u2019un droit d\u2019usage priv\u00e9, personnel et non transmissible.<\/p>\n<p>La reproduction d\u2019une page du site dans un cadre ext\u00e9rieur au coach immobilier du particulier ou l\u2019insertion d\u2019une page appartenant au coach immobilier du particulier dans la page d\u2019un autre site est interdite sans autorisation expresse de l\u2019\u00e9diteur du coach immobilier du particulier.<br \/>\nDe m\u00eame, toute reproduction ou repr\u00e9sentation du site en partie ou en totalit\u00e9 est interdite sans l\u2019accord \u00e9crit de l\u2019\u00e9diteur et constituerait une contrefa\u00e7on sanctionn\u00e9e par les articles L. 335-2 et suivants du Code de la Propri\u00e9t\u00e9 Intellectuelle.<\/p>\n<p>Toutes ces pages et leur contenu (textes, images, sons, animations et toute autre forme de m\u00e9dia) sont de par les lois fran\u00e7aises et internationales sur le droit d\u2019auteur et la propri\u00e9t\u00e9 intellectuelle prot\u00e9g\u00e9es du coach immobilier du particulier . Toute reproduction est interdite sans le visa de l\u2019auteur.<br \/>\nLe non-respect des dispositions ci-dessus est susceptible de constituer une contrefa\u00e7on engageant la responsabilit\u00e9 civile ou p\u00e9nale de l\u2019auteur de la contrefa\u00e7on.<\/p>\n<h2>COLLECTE ET UTILISATION DES DONN\u00c9ES \u00c0 CARACT\u00c8RE PERSONNEL<\/h2>\n<p>La collecte des donn\u00e9es \u00e0 caract\u00e8re personnel pour les prestations propos\u00e9es par le site\u00a0<strong><em>apfnhygiene.bzh<\/em><\/strong>\u00a0ainsi que leur traitement sont effectu\u00e9s dans le respect de la loi \u00ab Informatique, Fichiers et Libert\u00e9s \u00bb du 6 janvier 1978 modifi\u00e9e et ses d\u00e9crets d\u2019application.<\/p>\n<p>Le\u00a0<strong>fichier \u00ab\u00a0clients-prospects\u00a0\u00bb<\/strong>\u00a0constitu\u00e9 via le site internet a \u00e9t\u00e9\u00a0<strong>d\u00e9clar\u00e9 \u00e0 la CNIL sous le num\u00e9ro 2209519<\/strong>\u00a0(<a href=\"https:\/\/www.cnil.fr\/fr\/declaration\/ns-048-fichiers-clients-prospects-et-vente-en-ligne\" target=\"_blank\" rel=\"noopener\">norme NS48<\/a>) le 08 novembre 2018.<\/p>\n<p>La collecte des donn\u00e9es \u00e0 caract\u00e8re personnel concernant les visiteurs du site a pour finalit\u00e9 principales l\u2019identification des utilisateurs pour la fourniture des services et prestations propos\u00e9s sur le site.<\/p>\n<p>Les donn\u00e9es r\u00e9colt\u00e9es ne sont jamais transmises \u00e0 des tiers sauf si le client a donn\u00e9 son consentement pr\u00e9alable et ce sous r\u00e9serve que les tiers se soient clairement engag\u00e9s \u00e0 respecter toutes les dispositions de la Loi du 6 janvier 1978 modifi\u00e9e.<\/p>\n<p>En application de la loi, toute personne ayant transmis des donn\u00e9es \u00e0 caract\u00e8re personnel dispose d\u2019un droit d\u2019acc\u00e8s, de rectification et de suppression des donn\u00e9es ainsi que d\u2019un droit d\u2019opposition au traitement des donn\u00e9es \u00e0 caract\u00e8re personnel la concernant.<br \/>\nA tout moment, vous pouvez demander \u00e0 exercer ce droit en contactant l\u2019\u00e9diteur du coach immobilier du particulier via le\u00a0<strong><em>\u00a0<a href=\"https:\/\/www.apfnhygiene.bzh\/index.php\/comment-nous-contacter\/\">formulaire de contact mis \u00e0 votre disposition<\/a>\u00a0<\/em><\/strong>sur notre blog comment vendre sa maison<strong><em>.<\/em><\/strong><\/p>\n<p>Les visiteurs du site sont inform\u00e9s que pour les besoins de la navigation sur apfn hygi\u00e8ne, peut avoir recours \u00e0 la collecte automatique de certaines informations relatives aux utilisateurs \u00e0 l\u2019aide des cookies. Si l\u2019utilisateur du site ne souhaite pas l\u2019utilisation de cookies par\u00a0apfn hygi\u00e8ne, il peut refuser l\u2019activation des cookies par le biais des options propos\u00e9s par son navigateur internet. Pour des raisons techniques, si l\u2019utilisateur d\u00e9sactive les cookies dans son navigateur, certaines prestations propos\u00e9es par apfn hygi\u00e8ne, pourront ne pas lui \u00eatre accessibles.<\/p>\n<p>Mentions l\u00e9gales r\u00e9dig\u00e9es le 08 novembre 2018.<\/p>\n<\/div>\n","protected":false},"excerpt":{"rendered":"<p>IDENTIFICATION ET PUBLICATION EDITEUR Ce site est publi\u00e9 par apfn hygi\u00e8ne. Directeur de la publication Monsieur Christophe Geffroy. H\u00c9BERGEUR Ce site est g\u00e9n\u00e9r\u00e9 et h\u00e9berg\u00e9 par OVH. INT\u00c9GRATEUR Ce site a \u00e9t\u00e9 int\u00e9gr\u00e9 par Aptitudes informatique. PROPRI\u00c9T\u00c9 INTELLECTUELLE Tous les \u00e9l\u00e9ments graphiques, la structure et, plus g\u00e9n\u00e9ralement, le contenu du site\u00a0\u00a0sont prot\u00e9g\u00e9s par le droit [&hellip;]<\/p>\n","protected":false},"author":9,"featured_media":0,"parent":0,"menu_order":0,"comment_status":"closed","ping_status":"closed","template":"","meta":{"jetpack_post_was_ever_published":false,"footnotes":""},"class_list":["post-1610","page","type-page","status-publish","hentry"],"yoast_head":"<!-- This site is optimized with the Yoast SEO plugin v27.5 - https:\/\/yoast.com\/product\/yoast-seo-wordpress\/ -->\n<title>Mentions L\u00e9gales - apfn hygi\u00e8ne<\/title>\n<meta name=\"description\" content=\"Retrouvez nos mentions l\u00e9gales juste ici.\" \/>\n<meta name=\"robots\" content=\"index, follow, max-snippet:-1, max-image-preview:large, max-video-preview:-1\" \/>\n<link rel=\"canonical\" href=\"https:\/\/www.apfnhygiene.bzh\/index.php\/mentions-legales\/\" \/>\n<meta property=\"og:locale\" content=\"fr_FR\" \/>\n<meta property=\"og:type\" content=\"article\" \/>\n<meta property=\"og:title\" content=\"Mentions L\u00e9gales - apfn hygi\u00e8ne\" \/>\n<meta property=\"og:description\" content=\"Retrouvez nos mentions l\u00e9gales juste ici.\" \/>\n<meta property=\"og:url\" content=\"https:\/\/www.apfnhygiene.bzh\/index.php\/mentions-legales\/\" \/>\n<meta property=\"og:site_name\" content=\"apfn hygi\u00e8ne\" \/>\n<meta property=\"article:publisher\" content=\"https:\/\/www.facebook.com\/apfn-hygi%c3%a8ne-145838925596381\/?ref=bookmarks\" \/>\n<meta property=\"article:modified_time\" content=\"2026-03-02T11:07:17+00:00\" \/>\n<meta name=\"twitter:card\" content=\"summary_large_image\" \/>\n<meta name=\"twitter:label1\" content=\"Dur\u00e9e de lecture estim\u00e9e\" \/>\n\t<meta name=\"twitter:data1\" content=\"3 minutes\" \/>\n<script type=\"application\/ld+json\" class=\"yoast-schema-graph\">{\"@context\":\"https:\\\/\\\/schema.org\",\"@graph\":[{\"@type\":\"WebPage\",\"@id\":\"https:\\\/\\\/www.apfnhygiene.bzh\\\/index.php\\\/mentions-legales\\\/\",\"url\":\"https:\\\/\\\/www.apfnhygiene.bzh\\\/index.php\\\/mentions-legales\\\/\",\"name\":\"Mentions L\u00e9gales - apfn hygi\u00e8ne\",\"isPartOf\":{\"@id\":\"https:\\\/\\\/www.apfnhygiene.bzh\\\/#website\"},\"datePublished\":\"2018-11-08T08:50:00+00:00\",\"dateModified\":\"2026-03-02T11:07:17+00:00\",\"description\":\"Retrouvez nos mentions l\u00e9gales juste ici.\",\"breadcrumb\":{\"@id\":\"https:\\\/\\\/www.apfnhygiene.bzh\\\/index.php\\\/mentions-legales\\\/#breadcrumb\"},\"inLanguage\":\"fr-FR\",\"potentialAction\":[{\"@type\":\"ReadAction\",\"target\":[\"https:\\\/\\\/www.apfnhygiene.bzh\\\/index.php\\\/mentions-legales\\\/\"]}]},{\"@type\":\"BreadcrumbList\",\"@id\":\"https:\\\/\\\/www.apfnhygiene.bzh\\\/index.php\\\/mentions-legales\\\/#breadcrumb\",\"itemListElement\":[{\"@type\":\"ListItem\",\"position\":1,\"name\":\"Accueil\",\"item\":\"https:\\\/\\\/www.apfnhygiene.bzh\\\/\"},{\"@type\":\"ListItem\",\"position\":2,\"name\":\"Mentions L\u00e9gales\"}]},{\"@type\":\"WebSite\",\"@id\":\"https:\\\/\\\/www.apfnhygiene.bzh\\\/#website\",\"url\":\"https:\\\/\\\/www.apfnhygiene.bzh\\\/\",\"name\":\"apfn hygi\u00e8ne\",\"description\":\"\",\"publisher\":{\"@id\":\"https:\\\/\\\/www.apfnhygiene.bzh\\\/#organization\"},\"potentialAction\":[{\"@type\":\"SearchAction\",\"target\":{\"@type\":\"EntryPoint\",\"urlTemplate\":\"https:\\\/\\\/www.apfnhygiene.bzh\\\/?s={search_term_string}\"},\"query-input\":{\"@type\":\"PropertyValueSpecification\",\"valueRequired\":true,\"valueName\":\"search_term_string\"}}],\"inLanguage\":\"fr-FR\"},{\"@type\":\"Organization\",\"@id\":\"https:\\\/\\\/www.apfnhygiene.bzh\\\/#organization\",\"name\":\"apfn hygi\u00e8ne\",\"url\":\"https:\\\/\\\/www.apfnhygiene.bzh\\\/\",\"logo\":{\"@type\":\"ImageObject\",\"inLanguage\":\"fr-FR\",\"@id\":\"https:\\\/\\\/www.apfnhygiene.bzh\\\/#\\\/schema\\\/logo\\\/image\\\/\",\"url\":\"https:\\\/\\\/i0.wp.com\\\/www.apfnhygiene.bzh\\\/wp-content\\\/uploads\\\/2026\\\/01\\\/cropped-logo-apfn.png?fit=512%2C379&ssl=1\",\"contentUrl\":\"https:\\\/\\\/i0.wp.com\\\/www.apfnhygiene.bzh\\\/wp-content\\\/uploads\\\/2026\\\/01\\\/cropped-logo-apfn.png?fit=512%2C379&ssl=1\",\"width\":512,\"height\":379,\"caption\":\"apfn hygi\u00e8ne\"},\"image\":{\"@id\":\"https:\\\/\\\/www.apfnhygiene.bzh\\\/#\\\/schema\\\/logo\\\/image\\\/\"},\"sameAs\":[\"https:\\\/\\\/www.facebook.com\\\/apfn-hygi\u00e8ne-145838925596381\\\/?ref=bookmarks\",\"https:\\\/\\\/www.instagram.com\\\/apfnhygiene\\\/\",\"https:\\\/\\\/www.linkedin.com\\\/company\\\/11267053\\\/admin\\\/updates\\\/\"]}]}<\/script>\n<!-- \/ Yoast SEO plugin. -->","yoast_head_json":{"title":"Mentions L\u00e9gales - apfn hygi\u00e8ne","description":"Retrouvez nos mentions l\u00e9gales juste ici.","robots":{"index":"index","follow":"follow","max-snippet":"max-snippet:-1","max-image-preview":"max-image-preview:large","max-video-preview":"max-video-preview:-1"},"canonical":"https:\/\/www.apfnhygiene.bzh\/index.php\/mentions-legales\/","og_locale":"fr_FR","og_type":"article","og_title":"Mentions L\u00e9gales - apfn hygi\u00e8ne","og_description":"Retrouvez nos mentions l\u00e9gales juste ici.","og_url":"https:\/\/www.apfnhygiene.bzh\/index.php\/mentions-legales\/","og_site_name":"apfn hygi\u00e8ne","article_publisher":"https:\/\/www.facebook.com\/apfn-hygi%c3%a8ne-145838925596381\/?ref=bookmarks","article_modified_time":"2026-03-02T11:07:17+00:00","twitter_card":"summary_large_image","twitter_misc":{"Dur\u00e9e de lecture estim\u00e9e":"3 minutes"},"schema":{"@context":"https:\/\/schema.org","@graph":[{"@type":"WebPage","@id":"https:\/\/www.apfnhygiene.bzh\/index.php\/mentions-legales\/","url":"https:\/\/www.apfnhygiene.bzh\/index.php\/mentions-legales\/","name":"Mentions L\u00e9gales - apfn hygi\u00e8ne","isPartOf":{"@id":"https:\/\/www.apfnhygiene.bzh\/#website"},"datePublished":"2018-11-08T08:50:00+00:00","dateModified":"2026-03-02T11:07:17+00:00","description":"Retrouvez nos mentions l\u00e9gales juste ici.","breadcrumb":{"@id":"https:\/\/www.apfnhygiene.bzh\/index.php\/mentions-legales\/#breadcrumb"},"inLanguage":"fr-FR","potentialAction":[{"@type":"ReadAction","target":["https:\/\/www.apfnhygiene.bzh\/index.php\/mentions-legales\/"]}]},{"@type":"BreadcrumbList","@id":"https:\/\/www.apfnhygiene.bzh\/index.php\/mentions-legales\/#breadcrumb","itemListElement":[{"@type":"ListItem","position":1,"name":"Accueil","item":"https:\/\/www.apfnhygiene.bzh\/"},{"@type":"ListItem","position":2,"name":"Mentions L\u00e9gales"}]},{"@type":"WebSite","@id":"https:\/\/www.apfnhygiene.bzh\/#website","url":"https:\/\/www.apfnhygiene.bzh\/","name":"apfn hygi\u00e8ne","description":"","publisher":{"@id":"https:\/\/www.apfnhygiene.bzh\/#organization"},"potentialAction":[{"@type":"SearchAction","target":{"@type":"EntryPoint","urlTemplate":"https:\/\/www.apfnhygiene.bzh\/?s={search_term_string}"},"query-input":{"@type":"PropertyValueSpecification","valueRequired":true,"valueName":"search_term_string"}}],"inLanguage":"fr-FR"},{"@type":"Organization","@id":"https:\/\/www.apfnhygiene.bzh\/#organization","name":"apfn hygi\u00e8ne","url":"https:\/\/www.apfnhygiene.bzh\/","logo":{"@type":"ImageObject","inLanguage":"fr-FR","@id":"https:\/\/www.apfnhygiene.bzh\/#\/schema\/logo\/image\/","url":"https:\/\/i0.wp.com\/www.apfnhygiene.bzh\/wp-content\/uploads\/2026\/01\/cropped-logo-apfn.png?fit=512%2C379&ssl=1","contentUrl":"https:\/\/i0.wp.com\/www.apfnhygiene.bzh\/wp-content\/uploads\/2026\/01\/cropped-logo-apfn.png?fit=512%2C379&ssl=1","width":512,"height":379,"caption":"apfn hygi\u00e8ne"},"image":{"@id":"https:\/\/www.apfnhygiene.bzh\/#\/schema\/logo\/image\/"},"sameAs":["https:\/\/www.facebook.com\/apfn-hygi\u00e8ne-145838925596381\/?ref=bookmarks","https:\/\/www.instagram.com\/apfnhygiene\/","https:\/\/www.linkedin.com\/company\/11267053\/admin\/updates\/"]}]}},"jetpack_sharing_enabled":true,"jetpack_shortlink":"https:\/\/wp.me\/P99amg-pY","jetpack-related-posts":[{"id":4400,"url":"https:\/\/www.apfnhygiene.bzh\/index.php\/monobrosse-orbitizer\/","url_meta":{"origin":1610,"position":0},"title":"Monobrosse &#8211; Orbitizer","author":"C\u00e9line Geffroy","date":"11 mai 2022","format":false,"excerpt":"Monobrosse Orbital \u00e0 batterie Gr\u00e2ce \u00e0 sa technologie orbitale et sa petite taille, l'Orbitizer permet d'effectuer des nettoyages en profondeur, des entretiens, dans des pi\u00e8ces particuli\u00e8rement encombr\u00e9es ou petites et des traitements sur tout type de surface, qu'elle soit dure, r\u00e9siliente ou textile. Ceci gr\u00e2ce au r\u00e9servoir de solution int\u00e9gr\u00e9\u2026","rel":"","context":"Article similaire","block_context":{"text":"Article similaire","link":""},"img":{"alt_text":"","src":"https:\/\/i0.wp.com\/www.apfnhygiene.bzh\/wp-content\/uploads\/2022\/05\/logo-fimap-300x110.png?resize=350%2C200&ssl=1","width":350,"height":200},"classes":[]},{"id":475,"url":"https:\/\/www.apfnhygiene.bzh\/index.php\/atpmetrie\/","url_meta":{"origin":1610,"position":1},"title":"ATPm\u00e9trie","author":"C\u00e9line Geffroy","date":"14 septembre 2017","format":false,"excerpt":"La propret\u00e9 se mesure avec KAIVAC : le syst\u00e8me SURE Le SystemSURE est un appareil de r\u00e9f\u00e9rence en mati\u00e8re de contr\u00f4le d\u2019hygi\u00e8ne par ATP m\u00e9trie. Avec sa robustesse et sa simplicit\u00e9 d\u2019utilisation, SystemSURE Plus r\u00e9pond aux exigences de toutes les soci\u00e9t\u00e9s. Qu\u2019est ce que la m\u00e9thode d\u2019ATP m\u00e9trie ? L\u2019Adenosine\u2026","rel":"","context":"Article similaire","block_context":{"text":"Article similaire","link":""},"img":{"alt_text":"KAIVAC - distributeur - apfn hygi\u00e8ne","src":"https:\/\/i0.wp.com\/www.apfnhygiene.bzh\/wp-content\/uploads\/2017\/09\/2c0d4f_3acac73073f8486b83c5483e7a49aaabmv2_d_1879_1921_s_2-150x150.jpg?resize=350%2C200","width":350,"height":200},"classes":[]},{"id":508,"url":"https:\/\/www.apfnhygiene.bzh\/index.php\/nupro-reflo-nuv-180\/","url_meta":{"origin":1610,"position":2},"title":"NUPRO REFLO","author":"C\u00e9line Geffroy","date":"20 septembre 2017","format":false,"excerpt":"Le Nupro Reflo : le best-seller fran\u00e7ais Tout d'abord, le Nupro NUV\u00a0 180 est le v\u00e9ritable best-seller fran\u00e7ais. En effet, cet appareil est l'aspirateur Numatic le plus vendu aux entreprises de propret\u00e9 en France. Cet aspirateur est id\u00e9al pour le nettoyage quotidien des environnements encombr\u00e9s. Gr\u00e2ce \u00e0 sa t\u00eate creuse\u2026","rel":"","context":"Article similaire","block_context":{"text":"Article similaire","link":""},"img":{"alt_text":"","src":"https:\/\/i0.wp.com\/www.apfnhygiene.bzh\/wp-content\/uploads\/2020\/09\/apfn-hygiene-numatic-nuproreflo.jpg?resize=350%2C200&ssl=1","width":350,"height":200,"srcset":"https:\/\/i0.wp.com\/www.apfnhygiene.bzh\/wp-content\/uploads\/2020\/09\/apfn-hygiene-numatic-nuproreflo.jpg?resize=350%2C200&ssl=1 1x, https:\/\/i0.wp.com\/www.apfnhygiene.bzh\/wp-content\/uploads\/2020\/09\/apfn-hygiene-numatic-nuproreflo.jpg?resize=525%2C300&ssl=1 1.5x, https:\/\/i0.wp.com\/www.apfnhygiene.bzh\/wp-content\/uploads\/2020\/09\/apfn-hygiene-numatic-nuproreflo.jpg?resize=700%2C400&ssl=1 2x"},"classes":[]},{"id":179,"url":"https:\/\/www.apfnhygiene.bzh\/index.php\/ecogum\/","url_meta":{"origin":1610,"position":3},"title":"ECOGUM","author":"C\u00e9line Geffroy","date":"6 septembre 2017","format":false,"excerpt":"Le nettoyage urbain, \u00e9cologique et efficace\u200b L'ECOGUM est une\u00a0solution \u00e9cologique, \u00e9conomique, novatrice et simple d'utilisation pour enlever le\u00a0chewing-gum. Le syst\u00e8me est ainsi respectueux de l'environnement.En effet, l'appareil supprime les chewing-gum \u00e0 partir de source renouvelable. Il est bas\u00e9e sur un tensioactif de sucre qui\u00a0 rend la mol\u00e9cule totalement biod\u00e9gradable. L'appareil\u2026","rel":"","context":"Article similaire","block_context":{"text":"Article similaire","link":""},"img":{"alt_text":"ECOGUM MAXI","src":"https:\/\/i0.wp.com\/www.apfnhygiene.bzh\/wp-content\/uploads\/2017\/09\/2c0d4f_e732e10efbc241a49a9d2ea6aaea8e70mv2.png?fit=500%2C333&ssl=1&resize=350%2C200","width":350,"height":200},"classes":[]},{"id":923,"url":"https:\/\/www.apfnhygiene.bzh\/index.php\/pulverisateur\/","url_meta":{"origin":1610,"position":4},"title":"PULV\u00c9RISATEUR","author":"C\u00e9line Geffroy","date":"6 octobre 2017","format":false,"excerpt":"Pulv\u00e9risateurs 5L Pulv\u00e9risateur \u00e0 pression pr\u00e9alable \u00c9quip\u00e9 de joints FKM Buse r\u00e9glable de jet droit \u00e0 brouillard Bretelle de transport Soupape de d\u00e9compression Capacit\u00e9 : 5 l Composition de la cuve: Poly\u00e9thyl\u00e8ne Buse : poly\u00e9thyl\u00e8ne Pression maximale : 3 bars 7L Pulv\u00e9risateur \u00e0 pression pr\u00e9alable \u00c9quip\u00e9 de joints FKM Buse\u2026","rel":"","context":"Article similaire","block_context":{"text":"Article similaire","link":""},"img":{"alt_text":"De Witte_logo - distributeur apfn hygi\u00e8ne","src":"https:\/\/i0.wp.com\/www.apfnhygiene.bzh\/wp-content\/uploads\/2017\/10\/De-Witte_logo-150x150.jpg?resize=350%2C200&ssl=1","width":350,"height":200},"classes":[]},{"id":1323,"url":"https:\/\/www.apfnhygiene.bzh\/index.php\/space-vac-2\/","url_meta":{"origin":1610,"position":5},"title":"SPACE VAC","author":"C\u00e9line Geffroy","date":"4 avril 2018","format":false,"excerpt":"SPACE VAC : une solution pour le nettoyage en hauteur ! Le syst\u00e8me de nettoyage en hauteur Space Vac est une r\u00e9volution dans le domaine\u00a0du nettoyage.\u00a0Il offre aux op\u00e9rateurs une\u00a0m\u00e9thode rapide et s\u00fbre de\u00a0nettoyage jusqu'\u00e0 12 m\u00e8tres de\u00a0hauteur. Il ne n\u00e9cessite donc plus l'utilisation d'\u00e9chafaudages, d'\u00e9chelles ou de nacelles.\u00a0\u00a0En plus\u2026","rel":"","context":"Article similaire","block_context":{"text":"Article similaire","link":""},"img":{"alt_text":"","src":"https:\/\/i0.wp.com\/www.apfnhygiene.bzh\/wp-content\/uploads\/2022\/03\/hqdefault-2.jpg?resize=350%2C200&ssl=1","width":350,"height":200},"classes":[]}],"_links":{"self":[{"href":"https:\/\/www.apfnhygiene.bzh\/index.php\/wp-json\/wp\/v2\/pages\/1610","targetHints":{"allow":["GET"]}}],"collection":[{"href":"https:\/\/www.apfnhygiene.bzh\/index.php\/wp-json\/wp\/v2\/pages"}],"about":[{"href":"https:\/\/www.apfnhygiene.bzh\/index.php\/wp-json\/wp\/v2\/types\/page"}],"author":[{"embeddable":true,"href":"https:\/\/www.apfnhygiene.bzh\/index.php\/wp-json\/wp\/v2\/users\/9"}],"replies":[{"embeddable":true,"href":"https:\/\/www.apfnhygiene.bzh\/index.php\/wp-json\/wp\/v2\/comments?post=1610"}],"version-history":[{"count":3,"href":"https:\/\/www.apfnhygiene.bzh\/index.php\/wp-json\/wp\/v2\/pages\/1610\/revisions"}],"predecessor-version":[{"id":1614,"href":"https:\/\/www.apfnhygiene.bzh\/index.php\/wp-json\/wp\/v2\/pages\/1610\/revisions\/1614"}],"wp:attachment":[{"href":"https:\/\/www.apfnhygiene.bzh\/index.php\/wp-json\/wp\/v2\/media?parent=1610"}],"curies":[{"name":"wp","href":"https:\/\/api.w.org\/{rel}","templated":true}]}}