{"id":238,"date":"2017-09-07T16:48:31","date_gmt":"2017-09-07T14:48:31","guid":{"rendered":"http:\/\/www.apfnhygiene.bzh\/?page_id=238"},"modified":"2026-03-31T11:05:42","modified_gmt":"2026-03-31T09:05:42","slug":"catalogue","status":"publish","type":"page","link":"https:\/\/www.apfnhygiene.bzh\/index.php\/catalogue\/","title":{"rendered":"CATALOGUE"},"content":{"rendered":"","protected":false},"excerpt":{"rendered":"","protected":false},"author":2,"featured_media":0,"parent":0,"menu_order":0,"comment_status":"closed","ping_status":"closed","template":"","meta":{"jetpack_post_was_ever_published":false,"footnotes":""},"class_list":["post-238","page","type-page","status-publish","hentry"],"yoast_head":"<!-- This site is optimized with the Yoast SEO plugin v27.5 - https:\/\/yoast.com\/product\/yoast-seo-wordpress\/ -->\n<title>CATALOGUE - apfn hygi\u00e8ne<\/title>\n<meta name=\"description\" content=\"Retrouvez notre catalogue et toute notre s\u00e9lection, rien que pour vous.\" \/>\n<meta name=\"robots\" content=\"index, follow, max-snippet:-1, max-image-preview:large, max-video-preview:-1\" \/>\n<link rel=\"canonical\" href=\"https:\/\/www.apfnhygiene.bzh\/index.php\/catalogue\/\" \/>\n<meta property=\"og:locale\" content=\"fr_FR\" \/>\n<meta property=\"og:type\" content=\"article\" \/>\n<meta property=\"og:title\" content=\"CATALOGUE - apfn hygi\u00e8ne\" \/>\n<meta property=\"og:description\" content=\"Retrouvez notre catalogue et toute notre s\u00e9lection, rien que pour vous.\" \/>\n<meta property=\"og:url\" content=\"https:\/\/www.apfnhygiene.bzh\/index.php\/catalogue\/\" \/>\n<meta property=\"og:site_name\" content=\"apfn hygi\u00e8ne\" \/>\n<meta property=\"article:publisher\" content=\"https:\/\/www.facebook.com\/apfn-hygi%c3%a8ne-145838925596381\/?ref=bookmarks\" \/>\n<meta property=\"article:modified_time\" content=\"2026-03-31T09:05:42+00:00\" \/>\n<meta name=\"twitter:card\" content=\"summary_large_image\" \/>\n<script type=\"application\/ld+json\" class=\"yoast-schema-graph\">{\"@context\":\"https:\\\/\\\/schema.org\",\"@graph\":[{\"@type\":\"WebPage\",\"@id\":\"https:\\\/\\\/www.apfnhygiene.bzh\\\/index.php\\\/catalogue\\\/\",\"url\":\"https:\\\/\\\/www.apfnhygiene.bzh\\\/index.php\\\/catalogue\\\/\",\"name\":\"CATALOGUE - apfn hygi\u00e8ne\",\"isPartOf\":{\"@id\":\"https:\\\/\\\/www.apfnhygiene.bzh\\\/#website\"},\"datePublished\":\"2017-09-07T14:48:31+00:00\",\"dateModified\":\"2026-03-31T09:05:42+00:00\",\"description\":\"Retrouvez notre catalogue et toute notre s\u00e9lection, rien que pour vous.\",\"breadcrumb\":{\"@id\":\"https:\\\/\\\/www.apfnhygiene.bzh\\\/index.php\\\/catalogue\\\/#breadcrumb\"},\"inLanguage\":\"fr-FR\",\"potentialAction\":[{\"@type\":\"ReadAction\",\"target\":[\"https:\\\/\\\/www.apfnhygiene.bzh\\\/index.php\\\/catalogue\\\/\"]}]},{\"@type\":\"BreadcrumbList\",\"@id\":\"https:\\\/\\\/www.apfnhygiene.bzh\\\/index.php\\\/catalogue\\\/#breadcrumb\",\"itemListElement\":[{\"@type\":\"ListItem\",\"position\":1,\"name\":\"Accueil\",\"item\":\"https:\\\/\\\/www.apfnhygiene.bzh\\\/\"},{\"@type\":\"ListItem\",\"position\":2,\"name\":\"CATALOGUE\"}]},{\"@type\":\"WebSite\",\"@id\":\"https:\\\/\\\/www.apfnhygiene.bzh\\\/#website\",\"url\":\"https:\\\/\\\/www.apfnhygiene.bzh\\\/\",\"name\":\"apfn hygi\u00e8ne\",\"description\":\"\",\"publisher\":{\"@id\":\"https:\\\/\\\/www.apfnhygiene.bzh\\\/#organization\"},\"potentialAction\":[{\"@type\":\"SearchAction\",\"target\":{\"@type\":\"EntryPoint\",\"urlTemplate\":\"https:\\\/\\\/www.apfnhygiene.bzh\\\/?s={search_term_string}\"},\"query-input\":{\"@type\":\"PropertyValueSpecification\",\"valueRequired\":true,\"valueName\":\"search_term_string\"}}],\"inLanguage\":\"fr-FR\"},{\"@type\":\"Organization\",\"@id\":\"https:\\\/\\\/www.apfnhygiene.bzh\\\/#organization\",\"name\":\"apfn hygi\u00e8ne\",\"url\":\"https:\\\/\\\/www.apfnhygiene.bzh\\\/\",\"logo\":{\"@type\":\"ImageObject\",\"inLanguage\":\"fr-FR\",\"@id\":\"https:\\\/\\\/www.apfnhygiene.bzh\\\/#\\\/schema\\\/logo\\\/image\\\/\",\"url\":\"https:\\\/\\\/i0.wp.com\\\/www.apfnhygiene.bzh\\\/wp-content\\\/uploads\\\/2026\\\/01\\\/cropped-logo-apfn.png?fit=512%2C379&ssl=1\",\"contentUrl\":\"https:\\\/\\\/i0.wp.com\\\/www.apfnhygiene.bzh\\\/wp-content\\\/uploads\\\/2026\\\/01\\\/cropped-logo-apfn.png?fit=512%2C379&ssl=1\",\"width\":512,\"height\":379,\"caption\":\"apfn hygi\u00e8ne\"},\"image\":{\"@id\":\"https:\\\/\\\/www.apfnhygiene.bzh\\\/#\\\/schema\\\/logo\\\/image\\\/\"},\"sameAs\":[\"https:\\\/\\\/www.facebook.com\\\/apfn-hygi\u00e8ne-145838925596381\\\/?ref=bookmarks\",\"https:\\\/\\\/www.instagram.com\\\/apfnhygiene\\\/\",\"https:\\\/\\\/www.linkedin.com\\\/company\\\/11267053\\\/admin\\\/updates\\\/\"]}]}<\/script>\n<!-- \/ Yoast SEO plugin. -->","yoast_head_json":{"title":"CATALOGUE - apfn hygi\u00e8ne","description":"Retrouvez notre catalogue et toute notre s\u00e9lection, rien que pour vous.","robots":{"index":"index","follow":"follow","max-snippet":"max-snippet:-1","max-image-preview":"max-image-preview:large","max-video-preview":"max-video-preview:-1"},"canonical":"https:\/\/www.apfnhygiene.bzh\/index.php\/catalogue\/","og_locale":"fr_FR","og_type":"article","og_title":"CATALOGUE - apfn hygi\u00e8ne","og_description":"Retrouvez notre catalogue et toute notre s\u00e9lection, rien que pour vous.","og_url":"https:\/\/www.apfnhygiene.bzh\/index.php\/catalogue\/","og_site_name":"apfn hygi\u00e8ne","article_publisher":"https:\/\/www.facebook.com\/apfn-hygi%c3%a8ne-145838925596381\/?ref=bookmarks","article_modified_time":"2026-03-31T09:05:42+00:00","twitter_card":"summary_large_image","schema":{"@context":"https:\/\/schema.org","@graph":[{"@type":"WebPage","@id":"https:\/\/www.apfnhygiene.bzh\/index.php\/catalogue\/","url":"https:\/\/www.apfnhygiene.bzh\/index.php\/catalogue\/","name":"CATALOGUE - apfn hygi\u00e8ne","isPartOf":{"@id":"https:\/\/www.apfnhygiene.bzh\/#website"},"datePublished":"2017-09-07T14:48:31+00:00","dateModified":"2026-03-31T09:05:42+00:00","description":"Retrouvez notre catalogue et toute notre s\u00e9lection, rien que pour vous.","breadcrumb":{"@id":"https:\/\/www.apfnhygiene.bzh\/index.php\/catalogue\/#breadcrumb"},"inLanguage":"fr-FR","potentialAction":[{"@type":"ReadAction","target":["https:\/\/www.apfnhygiene.bzh\/index.php\/catalogue\/"]}]},{"@type":"BreadcrumbList","@id":"https:\/\/www.apfnhygiene.bzh\/index.php\/catalogue\/#breadcrumb","itemListElement":[{"@type":"ListItem","position":1,"name":"Accueil","item":"https:\/\/www.apfnhygiene.bzh\/"},{"@type":"ListItem","position":2,"name":"CATALOGUE"}]},{"@type":"WebSite","@id":"https:\/\/www.apfnhygiene.bzh\/#website","url":"https:\/\/www.apfnhygiene.bzh\/","name":"apfn hygi\u00e8ne","description":"","publisher":{"@id":"https:\/\/www.apfnhygiene.bzh\/#organization"},"potentialAction":[{"@type":"SearchAction","target":{"@type":"EntryPoint","urlTemplate":"https:\/\/www.apfnhygiene.bzh\/?s={search_term_string}"},"query-input":{"@type":"PropertyValueSpecification","valueRequired":true,"valueName":"search_term_string"}}],"inLanguage":"fr-FR"},{"@type":"Organization","@id":"https:\/\/www.apfnhygiene.bzh\/#organization","name":"apfn hygi\u00e8ne","url":"https:\/\/www.apfnhygiene.bzh\/","logo":{"@type":"ImageObject","inLanguage":"fr-FR","@id":"https:\/\/www.apfnhygiene.bzh\/#\/schema\/logo\/image\/","url":"https:\/\/i0.wp.com\/www.apfnhygiene.bzh\/wp-content\/uploads\/2026\/01\/cropped-logo-apfn.png?fit=512%2C379&ssl=1","contentUrl":"https:\/\/i0.wp.com\/www.apfnhygiene.bzh\/wp-content\/uploads\/2026\/01\/cropped-logo-apfn.png?fit=512%2C379&ssl=1","width":512,"height":379,"caption":"apfn hygi\u00e8ne"},"image":{"@id":"https:\/\/www.apfnhygiene.bzh\/#\/schema\/logo\/image\/"},"sameAs":["https:\/\/www.facebook.com\/apfn-hygi\u00e8ne-145838925596381\/?ref=bookmarks","https:\/\/www.instagram.com\/apfnhygiene\/","https:\/\/www.linkedin.com\/company\/11267053\/admin\/updates\/"]}]}},"jetpack_sharing_enabled":true,"jetpack_shortlink":"https:\/\/wp.me\/P99amg-3Q","jetpack-related-posts":[{"id":302,"url":"https:\/\/www.apfnhygiene.bzh\/index.php\/kaivac-solutions-entretenir-sols\/","url_meta":{"origin":238,"position":0},"title":"Kaivac","author":"C\u00e9line Geffroy","date":"8 septembre 2017","format":false,"excerpt":"ATPm\u00e9trie Kaifly Kaivac 1250 Kaivac 1750 Gamme Omniflex Autovac Dispense and vac Spray and vac SUV Des solutions pour entretenir les sols Kaivac : un nettoyage r\u00e9volutionnaire des toilettes Kaivac se charge de la plus ingrate des t\u00e2ches dans le b\u00e2timent : \u00e0 savoir le nettoyage des toilettes. Cette technique\u2026","rel":"","context":"Article similaire","block_context":{"text":"Article similaire","link":""},"img":{"alt_text":"KAIVAC - distributeur - apfn hygi\u00e8ne","src":"https:\/\/i0.wp.com\/www.apfnhygiene.bzh\/wp-content\/uploads\/2017\/09\/2c0d4f_3acac73073f8486b83c5483e7a49aaabmv2_d_1879_1921_s_2-150x150.jpg?resize=350%2C200&ssl=1","width":350,"height":200},"classes":[]},{"id":501,"url":"https:\/\/www.apfnhygiene.bzh\/index.php\/numatic\/","url_meta":{"origin":238,"position":1},"title":"NUMATIC","author":"C\u00e9line Geffroy","date":"20 septembre 2017","format":false,"excerpt":"La soci\u00e9t\u00e9 NUMATIC International : cr\u00e9ateur d'\u00e9motionLa soci\u00e9t\u00e9 Numatic International produit depuis 30 ans une gamme de mat\u00e9riels de nettoyage pour am\u00e9liorer de fa\u00e7on permanente les conditions de travail. Le groupe Numatic International est sp\u00e9cialis\u00e9 dans la fabrication et la commercialisation de mat\u00e9riel d'aspiration et de nettoyage. Les produits Numatic\u2026","rel":"","context":"Article similaire","block_context":{"text":"Article similaire","link":""},"img":{"alt_text":"numatic international-apfn hygi\u00e8ne","src":"https:\/\/i0.wp.com\/www.apfnhygiene.bzh\/wp-content\/uploads\/2017\/09\/2c0d4f_50d0bc97b90549bfb97dde19a1c1399dmv2-150x150.jpg?resize=350%2C200","width":350,"height":200},"classes":[]},{"id":112,"url":"https:\/\/www.apfnhygiene.bzh\/index.php\/apfn-hygiene\/","url_meta":{"origin":238,"position":2},"title":"APFN HYGI\u00c8NE","author":"C\u00e9line Geffroy","date":"6 septembre 2017","format":false,"excerpt":"L'excellence de la propret\u00e9 professionnelle. apfn hygi\u00e8ne\u00a0accompagne les acteurs de la sant\u00e9, de l'industrie et des services avec des solutions d'entretien de haute pr\u00e9cision, alliant performance technique et respect environnemental. Nous contacter Notre histoire apfn hygi\u00e8ne est une entreprise Bretonne cr\u00e9\u00e9e en janvier 2013.\u00a0apfn hygi\u00e8ne propose un catalogue d'\u00e9quipements et\u2026","rel":"","context":"Article similaire","block_context":{"text":"Article similaire","link":""},"img":{"alt_text":"B\u00e2timent apfn hygi\u00e8ne","src":"https:\/\/i0.wp.com\/www.apfnhygiene.bzh\/wp-content\/uploads\/2026\/03\/Frame-25.png?resize=350%2C200&ssl=1","width":350,"height":200,"srcset":"https:\/\/i0.wp.com\/www.apfnhygiene.bzh\/wp-content\/uploads\/2026\/03\/Frame-25.png?resize=350%2C200&ssl=1 1x, https:\/\/i0.wp.com\/www.apfnhygiene.bzh\/wp-content\/uploads\/2026\/03\/Frame-25.png?resize=525%2C300&ssl=1 1.5x"},"classes":[]},{"id":71,"url":"https:\/\/www.apfnhygiene.bzh\/","url_meta":{"origin":238,"position":3},"title":"ACCUEIL","author":"C\u00e9line Geffroy","date":"5 septembre 2017","format":false,"excerpt":"\u201cNotre implication au quotidien est la garantie d\u2019un service de qualit\u00e9.\u201d apfn hygi\u00e8ne est une entreprise Bretonne cr\u00e9\u00e9e en janvier 2013.\u00a0apfn hygi\u00e8ne propose un catalogue d\u2019\u00e9quipements et de mat\u00e9riels innovants pour\u00a0l\u2019am\u00e9lioration des conditions de travail dans le domaine de l\u2019hygi\u00e8ne et la\u00a0propret\u00e9. L\u2019offre s\u2019adresse aux entreprises de nettoyage industriel, aux\u2026","rel":"","context":"Article similaire","block_context":{"text":"Article similaire","link":""},"img":{"alt_text":"B\u00e2timent apfn hygi\u00e8ne","src":"https:\/\/i0.wp.com\/www.apfnhygiene.bzh\/wp-content\/uploads\/2026\/03\/Frame-25.png?resize=350%2C200&ssl=1","width":350,"height":200,"srcset":"https:\/\/i0.wp.com\/www.apfnhygiene.bzh\/wp-content\/uploads\/2026\/03\/Frame-25.png?resize=350%2C200&ssl=1 1x, https:\/\/i0.wp.com\/www.apfnhygiene.bzh\/wp-content\/uploads\/2026\/03\/Frame-25.png?resize=525%2C300&ssl=1 1.5x"},"classes":[]},{"id":1060,"url":"https:\/\/www.apfnhygiene.bzh\/index.php\/chariot-de-voirie-2\/","url_meta":{"origin":238,"position":4},"title":"CHARIOT DE VOIRIE","author":"C\u00e9line Geffroy","date":"26 octobre 2017","format":false,"excerpt":"\u00e0 t\u00e9l\u00e9charger Catalogue Chariots Le chariot de voirie Le chariot de voirie est r\u00e9sistant aux intemp\u00e9ries et aux UV gr\u00e2ce \u00e0 son rev\u00eatement. Ce\u00a0chariot est donc l'outil indispensable pour accompagner les op\u00e9rateurs dans le nettoyage de la voirie. Chariot simple Le chariot de voirie simple d\u00e9tient un anneau porte-sac d'une\u2026","rel":"","context":"Article similaire","block_context":{"text":"Article similaire","link":""},"img":{"alt_text":"chariot de voirie - apfn hygi\u00e8ne","src":"https:\/\/i0.wp.com\/www.apfnhygiene.bzh\/wp-content\/uploads\/2017\/10\/chariot-de-voirie-300x300.jpg?resize=350%2C200&ssl=1","width":350,"height":200},"classes":[]},{"id":864,"url":"https:\/\/www.apfnhygiene.bzh\/index.php\/chariot-de-lavage\/","url_meta":{"origin":238,"position":5},"title":"CHARIOTS MOTORIS\u00c9S","author":"C\u00e9line Geffroy","date":"6 octobre 2017","format":false,"excerpt":"\u00e0 t\u00e9l\u00e9charger Catalogue Chariots Acteur majeur du monde de l'hygi\u00e8ne, la soci\u00e9t\u00e9 FILMOP fabrique et diffuse de par le monde, des chariots de lavage et de m\u00e9nage depuis les ann\u00e9es 70.\u00a0 Chariot motoris\u00e9s Alpha drive 3848711 Fiche produit Alpha drive 3848711 4 Seaux 4 L, gris avec anse bleue, jaune,\u2026","rel":"","context":"Article similaire","block_context":{"text":"Article similaire","link":""},"img":{"alt_text":"","src":"https:\/\/i0.wp.com\/www.apfnhygiene.bzh\/wp-content\/uploads\/2020\/09\/emotion-drive-0400020pe-chariot-en-polypropylene-5.jpg?resize=350%2C200&ssl=1","width":350,"height":200,"srcset":"https:\/\/i0.wp.com\/www.apfnhygiene.bzh\/wp-content\/uploads\/2020\/09\/emotion-drive-0400020pe-chariot-en-polypropylene-5.jpg?resize=350%2C200&ssl=1 1x, https:\/\/i0.wp.com\/www.apfnhygiene.bzh\/wp-content\/uploads\/2020\/09\/emotion-drive-0400020pe-chariot-en-polypropylene-5.jpg?resize=525%2C300&ssl=1 1.5x"},"classes":[]}],"_links":{"self":[{"href":"https:\/\/www.apfnhygiene.bzh\/index.php\/wp-json\/wp\/v2\/pages\/238","targetHints":{"allow":["GET"]}}],"collection":[{"href":"https:\/\/www.apfnhygiene.bzh\/index.php\/wp-json\/wp\/v2\/pages"}],"about":[{"href":"https:\/\/www.apfnhygiene.bzh\/index.php\/wp-json\/wp\/v2\/types\/page"}],"author":[{"embeddable":true,"href":"https:\/\/www.apfnhygiene.bzh\/index.php\/wp-json\/wp\/v2\/users\/2"}],"replies":[{"embeddable":true,"href":"https:\/\/www.apfnhygiene.bzh\/index.php\/wp-json\/wp\/v2\/comments?post=238"}],"version-history":[{"count":1,"href":"https:\/\/www.apfnhygiene.bzh\/index.php\/wp-json\/wp\/v2\/pages\/238\/revisions"}],"predecessor-version":[{"id":241,"href":"https:\/\/www.apfnhygiene.bzh\/index.php\/wp-json\/wp\/v2\/pages\/238\/revisions\/241"}],"wp:attachment":[{"href":"https:\/\/www.apfnhygiene.bzh\/index.php\/wp-json\/wp\/v2\/media?parent=238"}],"curies":[{"name":"wp","href":"https:\/\/api.w.org\/{rel}","templated":true}]}}